{"id":8581,"date":"2022-06-29T07:45:07","date_gmt":"2022-06-29T07:45:07","guid":{"rendered":"http:\/\/localhost\/gazolin\/?page_id=8581"},"modified":"2025-07-25T13:19:51","modified_gmt":"2025-07-25T13:19:51","slug":"qualidade","status":"publish","type":"page","link":"https:\/\/comotec.com.br\/?page_id=8581","title":{"rendered":"Qualidade"},"content":{"rendered":"\t\t<div data-elementor-type=\"wp-page\" data-elementor-id=\"8581\" class=\"elementor elementor-8581\" data-elementor-post-type=\"page\">\n\t\t\t\t        <section class=\"elementor-section elementor-top-section elementor-element elementor-element-23e87ab elementor-section-boxed elementor-section-height-default elementor-section-height-default ct-header-fixed-none ct-column-none ct-row-scroll-none\" data-id=\"23e87ab\" data-element_type=\"section\">\n            \n                        <div class=\"elementor-container elementor-column-gap-default \">\n                    <div class=\"elementor-column elementor-col-50 elementor-top-column elementor-element elementor-element-9cd172b ct-column-none\" data-id=\"9cd172b\" data-element_type=\"column\">\n        <div class=\"elementor-widget-wrap elementor-element-populated\">\n                    \n        \t\t<div class=\"elementor-element elementor-element-f1a2b69 elementor-widget elementor-widget-ct_image\" data-id=\"f1a2b69\" data-element_type=\"widget\" data-widget_type=\"ct_image.default\">\n\t\t\t\t<div class=\"elementor-widget-container\">\n\t\t\t\t\t<div class=\"ct-image-single style2   \" data-width=\"\" data-height=\"\">\r\n                        <img fetchpriority=\"high\" decoding=\"async\" width=\"700\" height=\"800\" src=\"https:\/\/comotec.com.br\/wp-content\/uploads\/2025\/05\/comotec_empresa_1.jpg\" class=\"attachment-full\" alt=\"\" \/>            <\/div>\t\t\t\t<\/div>\n\t\t\t\t<\/div>\n\t\t            <\/div>\n        <\/div>\n                <div class=\"elementor-column elementor-col-50 elementor-top-column elementor-element elementor-element-03e96cd ct-column-none\" data-id=\"03e96cd\" data-element_type=\"column\">\n        <div class=\"elementor-widget-wrap elementor-element-populated\">\n                    \n        \t\t<div class=\"elementor-element elementor-element-870ce8e elementor-widget elementor-widget-ct_heading\" data-id=\"870ce8e\" data-element_type=\"widget\" data-widget_type=\"ct_heading.default\">\n\t\t\t\t<div class=\"elementor-widget-container\">\n\t\t\t\t\t<div class=\"ct-heading h-align- item-st-default\">\r\n\t\t\t<div class=\"item--sub-title style-default\">\r\n            <span>\r\n                Qualidade Comotec            <\/span>\r\n        <\/div>\r\n\t    <h3 class=\"item--title case-animate-time st-default \" data-wow-delay=\"ms\">\r\n        <span class=\"slide-in-container\"><span class=\"d-inline-block wow case-fade-in-up\">Compromisso<\/span><\/span> <span class=\"slide-in-container\"><span class=\"d-inline-block wow case-fade-in-up\">com<\/span><\/span> <span class=\"slide-in-container\"><span class=\"d-inline-block wow case-fade-in-up\">a<\/span><\/span> <span class=\"slide-in-container\"><span class=\"d-inline-block wow case-fade-in-up\">Excel\u00eancia<\/span><\/span> <span class=\"slide-in-container\"><span class=\"d-inline-block wow case-fade-in-up\">e<\/span><\/span> <span class=\"slide-in-container\"><span class=\"d-inline-block wow case-fade-in-up\">Satisfa\u00e7\u00e3o<\/span><\/span> <span class=\"slide-in-container\"><span class=\"d-inline-block wow case-fade-in-up\">do<\/span><\/span> <span class=\"slide-in-container\"><span class=\"d-inline-block wow case-fade-in-up\">Cliente<\/span><\/span>    <\/h3>\r\n<\/div>\r\n\r\n\t\t\t\t<\/div>\n\t\t\t\t<\/div>\n\t\t\t\t<div class=\"elementor-element elementor-element-519017a elementor-widget elementor-widget-ct_text_editor\" data-id=\"519017a\" data-element_type=\"widget\" data-widget_type=\"ct_text_editor.default\">\n\t\t\t\t<div class=\"elementor-widget-container\">\n\t\t\t\t\t<div id=\"ct_text_editor-519017a\" class=\"ct-text-editor \" data-wow-delay=\"ms\">\n\t<div class=\"ct-inline-css\"  data-css=\"\n        \t\t\">\n\n    <\/div>\n\t<div class=\"ct-text-editor elementor-clearfix\">\n\t\t<p>A\u00a0<strong>Alta Dire\u00e7\u00e3o da Comotec<\/strong>\u00a0est\u00e1 profundamente comprometida com o desenvolvimento, manuten\u00e7\u00e3o e aprimoramento cont\u00ednuo do Sistema de Gest\u00e3o da Qualidade, visando proporcionar benef\u00edcios a todos os colaboradores e alcan\u00e7ar a m\u00e1xima satisfa\u00e7\u00e3o dos clientes. Nosso foco \u00e9 garantir que nossos produtos e servi\u00e7os atendam \u00e0s expectativas dos clientes, contribuindo para a sustentabilidade e competitividade da organiza\u00e7\u00e3o.<\/p>\t\t\n\t<\/div>\n<\/div>\t\t\t\t<\/div>\n\t\t\t\t<\/div>\n\t\t            <\/div>\n        <\/div>\n                    <\/div>\n        <\/section>\n                <section class=\"elementor-section elementor-top-section elementor-element elementor-element-d681d03 elementor-section-stretched elementor-section-boxed elementor-section-height-default elementor-section-height-default ct-header-fixed-none ct-column-none ct-row-scroll-none\" data-id=\"d681d03\" data-element_type=\"section\" data-settings=\"{&quot;stretch_section&quot;:&quot;section-stretched&quot;,&quot;background_background&quot;:&quot;classic&quot;}\">\n            \n                        <div class=\"elementor-container elementor-column-gap-extended \">\n                    <div class=\"elementor-column elementor-col-100 elementor-top-column elementor-element elementor-element-cadd4b3 ct-column-none\" data-id=\"cadd4b3\" data-element_type=\"column\">\n        <div class=\"elementor-widget-wrap elementor-element-populated\">\n                    \n                <section class=\"elementor-section elementor-inner-section elementor-element elementor-element-de0cb38 elementor-section-boxed elementor-section-height-default elementor-section-height-default ct-header-fixed-none ct-column-none ct-row-scroll-none\" data-id=\"de0cb38\" data-element_type=\"section\" data-settings=\"{&quot;background_background&quot;:&quot;classic&quot;}\">\n            \n                        <div class=\"elementor-container elementor-column-gap-default \">\n                    <div class=\"elementor-column elementor-col-50 elementor-inner-column elementor-element elementor-element-cdcb9bb ct-column-none\" data-id=\"cdcb9bb\" data-element_type=\"column\">\n        <div class=\"elementor-widget-wrap elementor-element-populated\">\n                    \n        \t\t<div class=\"elementor-element elementor-element-778564c elementor-widget elementor-widget-ct_heading\" data-id=\"778564c\" data-element_type=\"widget\" data-widget_type=\"ct_heading.default\">\n\t\t\t\t<div class=\"elementor-widget-container\">\n\t\t\t\t\t<div class=\"ct-heading h-align- item-st-default\">\r\n\t    <h3 class=\"item--title case-animate-time st-default \" data-wow-delay=\"ms\">\r\n        <span class=\"slide-in-container\"><span class=\"d-inline-block wow case-fade-in-up\">A<\/span><\/span> <span class=\"slide-in-container\"><span class=\"d-inline-block wow case-fade-in-up\">import\u00e2ncia<\/span><\/span> <span class=\"slide-in-container\"><span class=\"d-inline-block wow case-fade-in-up\">da<\/span><\/span> <span class=\"slide-in-container\"><span class=\"d-inline-block wow case-fade-in-up\">qualidade<\/span><\/span> <span class=\"slide-in-container\"><span class=\"d-inline-block wow case-fade-in-up\">na<\/span><\/span> <span class=\"slide-in-container\"><span class=\"d-inline-block wow case-fade-in-up\">Comotec<\/span><\/span>    <\/h3>\r\n<\/div>\r\n\r\n\t\t\t\t<\/div>\n\t\t\t\t<\/div>\n\t\t            <\/div>\n        <\/div>\n                <div class=\"elementor-column elementor-col-50 elementor-inner-column elementor-element elementor-element-ed7eb2a ct-column-none\" data-id=\"ed7eb2a\" data-element_type=\"column\">\n        <div class=\"elementor-widget-wrap elementor-element-populated\">\n                    \n        \t\t<div class=\"elementor-element elementor-element-cebd10a elementor-widget elementor-widget-ct_text_editor\" data-id=\"cebd10a\" data-element_type=\"widget\" data-widget_type=\"ct_text_editor.default\">\n\t\t\t\t<div class=\"elementor-widget-container\">\n\t\t\t\t\t<div id=\"ct_text_editor-cebd10a\" class=\"ct-text-editor \" data-wow-delay=\"ms\">\n\t<div class=\"ct-inline-css\"  data-css=\"\n        \t\t\">\n\n    <\/div>\n\t<div class=\"ct-text-editor elementor-clearfix\">\n\t\t<p>Reconhecemos que a qualidade de nossos produtos e servi\u00e7os \u00e9 fundamental para nossa competitividade e sobreviv\u00eancia no mercado. Por isso, adotamos e mantemos um efetivo Sistema de Gest\u00e3o da Qualidade, alinhado \u00e0s normas\u00a0<strong>ISO 9001<\/strong>\u00a0e\u00a0<strong>ISO\/TS 16949<\/strong>, que asseguram a conformidade, efici\u00eancia e melhoria cont\u00ednua de nossos processos.<\/p>\t\t\n\t<\/div>\n<\/div>\t\t\t\t<\/div>\n\t\t\t\t<\/div>\n\t\t            <\/div>\n        <\/div>\n                    <\/div>\n        <\/section>\n                <section class=\"elementor-section elementor-inner-section elementor-element elementor-element-7db7817 elementor-section-boxed elementor-section-height-default elementor-section-height-default ct-header-fixed-none ct-column-none ct-row-scroll-none\" data-id=\"7db7817\" data-element_type=\"section\" data-settings=\"{&quot;background_background&quot;:&quot;classic&quot;}\">\n            \n                        <div class=\"elementor-container elementor-column-gap-default \">\n                    <div class=\"elementor-column elementor-col-50 elementor-inner-column elementor-element elementor-element-f3d2c83 ct-column-none\" data-id=\"f3d2c83\" data-element_type=\"column\">\n        <div class=\"elementor-widget-wrap elementor-element-populated\">\n                    \n        \t\t<div class=\"elementor-element elementor-element-e696747 elementor-widget elementor-widget-ct_text_editor\" data-id=\"e696747\" data-element_type=\"widget\" data-widget_type=\"ct_text_editor.default\">\n\t\t\t\t<div class=\"elementor-widget-container\">\n\t\t\t\t\t<div id=\"ct_text_editor-e696747\" class=\"ct-text-editor \" data-wow-delay=\"ms\">\n\t<div class=\"ct-inline-css\"  data-css=\"\n        \t\t\">\n\n    <\/div>\n\t<div class=\"ct-text-editor elementor-clearfix\">\n\t\t<p>A Comotec organiza suas opera\u00e7\u00f5es considerando fatores t\u00e9cnicos, administrativos e humanos que influenciam na qualidade de seus produtos e servi\u00e7os. Nosso objetivo \u00e9 eliminar e prevenir quaisquer defici\u00eancias, promovendo uma cultura de inova\u00e7\u00e3o e aprimoramento constante.<\/p>\t\t\n\t<\/div>\n<\/div>\t\t\t\t<\/div>\n\t\t\t\t<\/div>\n\t\t            <\/div>\n        <\/div>\n                <div class=\"elementor-column elementor-col-50 elementor-inner-column elementor-element elementor-element-c5493b7 ct-column-none\" data-id=\"c5493b7\" data-element_type=\"column\">\n        <div class=\"elementor-widget-wrap elementor-element-populated\">\n                    \n        \t\t<div class=\"elementor-element elementor-element-29d2632 elementor-widget elementor-widget-ct_heading\" data-id=\"29d2632\" data-element_type=\"widget\" data-widget_type=\"ct_heading.default\">\n\t\t\t\t<div class=\"elementor-widget-container\">\n\t\t\t\t\t<div class=\"ct-heading h-align- item-st-default\">\r\n\t    <h3 class=\"item--title case-animate-time st-default \" data-wow-delay=\"ms\">\r\n        <span class=\"slide-in-container\"><span class=\"d-inline-block wow case-fade-in-up\">Compromisso<\/span><\/span> <span class=\"slide-in-container\"><span class=\"d-inline-block wow case-fade-in-up\">com<\/span><\/span> <span class=\"slide-in-container\"><span class=\"d-inline-block wow case-fade-in-up\">a<\/span><\/span> <span class=\"slide-in-container\"><span class=\"d-inline-block wow case-fade-in-up\">melhoria<\/span><\/span> <span class=\"slide-in-container\"><span class=\"d-inline-block wow case-fade-in-up\">cont\u00ednua<\/span><\/span>    <\/h3>\r\n<\/div>\r\n\r\n\t\t\t\t<\/div>\n\t\t\t\t<\/div>\n\t\t            <\/div>\n        <\/div>\n                    <\/div>\n        <\/section>\n                <section class=\"elementor-section elementor-inner-section elementor-element elementor-element-99cabe8 elementor-section-boxed elementor-section-height-default elementor-section-height-default ct-header-fixed-none ct-column-none ct-row-scroll-none\" data-id=\"99cabe8\" data-element_type=\"section\" data-settings=\"{&quot;background_background&quot;:&quot;classic&quot;}\">\n            \n                        <div class=\"elementor-container elementor-column-gap-default \">\n                    <div class=\"elementor-column elementor-col-50 elementor-inner-column elementor-element elementor-element-7a25dd6 ct-column-none\" data-id=\"7a25dd6\" data-element_type=\"column\">\n        <div class=\"elementor-widget-wrap elementor-element-populated\">\n                    \n        \t\t<div class=\"elementor-element elementor-element-dd20a47 elementor-widget elementor-widget-ct_heading\" data-id=\"dd20a47\" data-element_type=\"widget\" data-widget_type=\"ct_heading.default\">\n\t\t\t\t<div class=\"elementor-widget-container\">\n\t\t\t\t\t<div class=\"ct-heading h-align- item-st-default\">\r\n\t    <h3 class=\"item--title case-animate-time st-default \" data-wow-delay=\"ms\">\r\n        <span class=\"slide-in-container\"><span class=\"d-inline-block wow case-fade-in-up\">Princ\u00edpios<\/span><\/span> <span class=\"slide-in-container\"><span class=\"d-inline-block wow case-fade-in-up\">de<\/span><\/span> <span class=\"slide-in-container\"><span class=\"d-inline-block wow case-fade-in-up\">qualidade<\/span><\/span> <span class=\"slide-in-container\"><span class=\"d-inline-block wow case-fade-in-up\">e<\/span><\/span> <span class=\"slide-in-container\"><span class=\"d-inline-block wow case-fade-in-up\">valores<\/span><\/span> <span class=\"slide-in-container\"><span class=\"d-inline-block wow case-fade-in-up\">corporativos<\/span><\/span>    <\/h3>\r\n<\/div>\r\n\r\n\t\t\t\t<\/div>\n\t\t\t\t<\/div>\n\t\t            <\/div>\n        <\/div>\n                <div class=\"elementor-column elementor-col-50 elementor-inner-column elementor-element elementor-element-d79520e ct-column-none\" data-id=\"d79520e\" data-element_type=\"column\">\n        <div class=\"elementor-widget-wrap elementor-element-populated\">\n                    \n        \t\t<div class=\"elementor-element elementor-element-9506e53 elementor-widget elementor-widget-ct_text_editor\" data-id=\"9506e53\" data-element_type=\"widget\" data-widget_type=\"ct_text_editor.default\">\n\t\t\t\t<div class=\"elementor-widget-container\">\n\t\t\t\t\t<div id=\"ct_text_editor-9506e53\" class=\"ct-text-editor \" data-wow-delay=\"ms\">\n\t<div class=\"ct-inline-css\"  data-css=\"\n        \t\t\">\n\n    <\/div>\n\t<div class=\"ct-text-editor elementor-clearfix\">\n\t\t<p>Nossos princ\u00edpios de qualidade s\u00e3o voltados para o projeto, constru\u00e7\u00e3o, desenvolvimento e aplica\u00e7\u00e3o de t\u00e9cnicas e atitudes que elevam a satisfa\u00e7\u00e3o de nossos clientes internos e externos. Atrav\u00e9s de uma base s\u00f3lida de valores, promovemos atitudes e comportamentos alinhados \u00e0 nossa pol\u00edtica, metas e objetivos estrat\u00e9gicos, fortalecendo nossa reputa\u00e7\u00e3o e relacionamento com colaboradores e sociedade.<\/p>\t\t\n\t<\/div>\n<\/div>\t\t\t\t<\/div>\n\t\t\t\t<\/div>\n\t\t            <\/div>\n        <\/div>\n                    <\/div>\n        <\/section>\n                <section class=\"elementor-section elementor-inner-section elementor-element elementor-element-1e171d7 elementor-section-boxed elementor-section-height-default elementor-section-height-default ct-header-fixed-none ct-column-none ct-row-scroll-none\" data-id=\"1e171d7\" data-element_type=\"section\" data-settings=\"{&quot;background_background&quot;:&quot;classic&quot;}\">\n            \n                        <div class=\"elementor-container elementor-column-gap-default \">\n                    <div class=\"elementor-column elementor-col-50 elementor-inner-column elementor-element elementor-element-72a8928 ct-column-none\" data-id=\"72a8928\" data-element_type=\"column\">\n        <div class=\"elementor-widget-wrap elementor-element-populated\">\n                    \n        \t\t<div class=\"elementor-element elementor-element-4503045 elementor-widget elementor-widget-ct_text_editor\" data-id=\"4503045\" data-element_type=\"widget\" data-widget_type=\"ct_text_editor.default\">\n\t\t\t\t<div class=\"elementor-widget-container\">\n\t\t\t\t\t<div id=\"ct_text_editor-4503045\" class=\"ct-text-editor \" data-wow-delay=\"ms\">\n\t<div class=\"ct-inline-css\"  data-css=\"\n        \t\t\">\n\n    <\/div>\n\t<div class=\"ct-text-editor elementor-clearfix\">\n\t\t<p>A Comotec reafirma seu compromisso de melhorar continuamente processos e produtos por meio do engajamento de todos os colaboradores na manuten\u00e7\u00e3o e alcance de nossos objetivos de qualidade. Investimos constantemente em programas de capacita\u00e7\u00e3o, desenvolvimento de compet\u00eancias e recursos tecnol\u00f3gicos, incluindo m\u00e1quinas, processos e equipamentos, para garantir inova\u00e7\u00e3o, efici\u00eancia e competitividade.<\/p>\t\t\n\t<\/div>\n<\/div>\t\t\t\t<\/div>\n\t\t\t\t<\/div>\n\t\t            <\/div>\n        <\/div>\n                <div class=\"elementor-column elementor-col-50 elementor-inner-column elementor-element elementor-element-78df6c9 ct-column-none\" data-id=\"78df6c9\" data-element_type=\"column\">\n        <div class=\"elementor-widget-wrap elementor-element-populated\">\n                    \n        \t\t<div class=\"elementor-element elementor-element-6c6c08a elementor-widget elementor-widget-ct_heading\" data-id=\"6c6c08a\" data-element_type=\"widget\" data-widget_type=\"ct_heading.default\">\n\t\t\t\t<div class=\"elementor-widget-container\">\n\t\t\t\t\t<div class=\"ct-heading h-align- item-st-default\">\r\n\t    <h3 class=\"item--title case-animate-time st-default \" data-wow-delay=\"ms\">\r\n        <span class=\"slide-in-container\"><span class=\"d-inline-block wow case-fade-in-up\">Pol\u00edtica<\/span><\/span> <span class=\"slide-in-container\"><span class=\"d-inline-block wow case-fade-in-up\">de<\/span><\/span> <span class=\"slide-in-container\"><span class=\"d-inline-block wow case-fade-in-up\">melhoria<\/span><\/span> <span class=\"slide-in-container\"><span class=\"d-inline-block wow case-fade-in-up\">cont\u00ednua<\/span><\/span> <span class=\"slide-in-container\"><span class=\"d-inline-block wow case-fade-in-up\">e<\/span><\/span> <span class=\"slide-in-container\"><span class=\"d-inline-block wow case-fade-in-up\">capacita\u00e7\u00e3o<\/span><\/span>    <\/h3>\r\n<\/div>\r\n\r\n\t\t\t\t<\/div>\n\t\t\t\t<\/div>\n\t\t            <\/div>\n        <\/div>\n                    <\/div>\n        <\/section>\n                <section class=\"elementor-section elementor-inner-section elementor-element elementor-element-82e476a elementor-section-boxed elementor-section-height-default elementor-section-height-default ct-header-fixed-none ct-column-none ct-row-scroll-none\" data-id=\"82e476a\" data-element_type=\"section\" data-settings=\"{&quot;background_background&quot;:&quot;classic&quot;}\">\n            \n                        <div class=\"elementor-container elementor-column-gap-default \">\n                    <div class=\"elementor-column elementor-col-50 elementor-inner-column elementor-element elementor-element-ce4774a ct-column-none\" data-id=\"ce4774a\" data-element_type=\"column\">\n        <div class=\"elementor-widget-wrap elementor-element-populated\">\n                    \n        \t\t<div class=\"elementor-element elementor-element-c7386f1 elementor-widget elementor-widget-ct_heading\" data-id=\"c7386f1\" data-element_type=\"widget\" data-widget_type=\"ct_heading.default\">\n\t\t\t\t<div class=\"elementor-widget-container\">\n\t\t\t\t\t<div class=\"ct-heading h-align- item-st-default\">\r\n\t    <h3 class=\"item--title case-animate-time st-default \" data-wow-delay=\"ms\">\r\n        <span class=\"slide-in-container\"><span class=\"d-inline-block wow case-fade-in-up\">Nosso<\/span><\/span> <span class=\"slide-in-container\"><span class=\"d-inline-block wow case-fade-in-up\">Diferencial:<\/span><\/span> <span class=\"slide-in-container\"><span class=\"d-inline-block wow case-fade-in-up\">O<\/span><\/span> <span class=\"slide-in-container\"><span class=\"d-inline-block wow case-fade-in-up\">Que<\/span><\/span> <span class=\"slide-in-container\"><span class=\"d-inline-block wow case-fade-in-up\">Nos<\/span><\/span> <span class=\"slide-in-container\"><span class=\"d-inline-block wow case-fade-in-up\">Destaca<\/span><\/span> <span class=\"slide-in-container\"><span class=\"d-inline-block wow case-fade-in-up\">no<\/span><\/span> <span class=\"slide-in-container\"><span class=\"d-inline-block wow case-fade-in-up\">Mercado<\/span><\/span>    <\/h3>\r\n<\/div>\r\n\r\n\t\t\t\t<\/div>\n\t\t\t\t<\/div>\n\t\t            <\/div>\n        <\/div>\n                <div class=\"elementor-column elementor-col-50 elementor-inner-column elementor-element elementor-element-c94bcb8 ct-column-none\" data-id=\"c94bcb8\" data-element_type=\"column\">\n        <div class=\"elementor-widget-wrap elementor-element-populated\">\n                    \n        \t\t<div class=\"elementor-element elementor-element-0218621 elementor-widget elementor-widget-ct_text_editor\" data-id=\"0218621\" data-element_type=\"widget\" data-widget_type=\"ct_text_editor.default\">\n\t\t\t\t<div class=\"elementor-widget-container\">\n\t\t\t\t\t<div id=\"ct_text_editor-0218621\" class=\"ct-text-editor \" data-wow-delay=\"ms\">\n\t<div class=\"ct-inline-css\"  data-css=\"\n        \t\t\">\n\n    <\/div>\n\t<div class=\"ct-text-editor elementor-clearfix\">\n\t\t<p>Por meio de investimentos em treinamento humano e inova\u00e7\u00e3o tecnol\u00f3gica, buscamos manter nossa posi\u00e7\u00e3o de lideran\u00e7a no mercado, promovendo a continuidade dos neg\u00f3cios, satisfazendo clientes e contribuindo para o crescimento sustent\u00e1vel da organiza\u00e7\u00e3o.<\/p>\t\t\n\t<\/div>\n<\/div>\t\t\t\t<\/div>\n\t\t\t\t<\/div>\n\t\t            <\/div>\n        <\/div>\n                    <\/div>\n        <\/section>\n        \t\t<div class=\"elementor-element elementor-element-e3387f8 elementor-widget elementor-widget-ct_service_grid\" data-id=\"e3387f8\" data-element_type=\"widget\" data-widget_type=\"ct_service_grid.default\">\n\t\t\t\t<div class=\"elementor-widget-container\">\n\t\t\t\t\t\r\n<div id=\"ct_service_grid-e3387f8\" class=\"ct-grid ct-service-grid3 ct-grid-direction\" data-layout=\"masonry\" data-start-page=\"1\" data-max-pages=\"0\" data-total=\"0\" data-perpage=\"6\" data-next-link=\"https:\/\/comotec.com.br\/index.php?rest_route=%2Fwp%2Fv2%2Fpages%2F8581&#038;paged=2\">\r\n    \r\n    <div class=\"ct-grid-inner ct-grid-masonry row animation-time\" data-gutter=\"15\">\r\n                            <div class=\"grid-sizer col-xl-4 col-lg-4 col-md-6 col-sm-6 col-12\"><\/div>\r\n            <\/div>\r\n        <\/div>\t\t\t\t<\/div>\n\t\t\t\t<\/div>\n\t\t            <\/div>\n        <\/div>\n                    <\/div>\n        <\/section>\n        \t\t<\/div>\n\t\t","protected":false},"excerpt":{"rendered":"<p>Qualidade Comotec Compromisso com a Excel\u00eancia e Satisfa\u00e7\u00e3o do Cliente A\u00a0Alta Dire\u00e7\u00e3o da Comotec\u00a0est\u00e1 profundamente comprometida com o desenvolvimento, manuten\u00e7\u00e3o e aprimoramento cont\u00ednuo do Sistema de Gest\u00e3o da Qualidade, visando proporcionar benef\u00edcios a todos os colaboradores e alcan\u00e7ar a m\u00e1xima satisfa\u00e7\u00e3o dos clientes. Nosso foco \u00e9 garantir que nossos produtos e servi\u00e7os atendam \u00e0s expectativas [&hellip;]<\/p>\n","protected":false},"author":1,"featured_media":0,"parent":0,"menu_order":0,"comment_status":"closed","ping_status":"closed","template":"","meta":{"footnotes":""},"class_list":["post-8581","page","type-page","status-publish","hentry"],"_links":{"self":[{"href":"https:\/\/comotec.com.br\/index.php?rest_route=\/wp\/v2\/pages\/8581","targetHints":{"allow":["GET"]}}],"collection":[{"href":"https:\/\/comotec.com.br\/index.php?rest_route=\/wp\/v2\/pages"}],"about":[{"href":"https:\/\/comotec.com.br\/index.php?rest_route=\/wp\/v2\/types\/page"}],"author":[{"embeddable":true,"href":"https:\/\/comotec.com.br\/index.php?rest_route=\/wp\/v2\/users\/1"}],"replies":[{"embeddable":true,"href":"https:\/\/comotec.com.br\/index.php?rest_route=%2Fwp%2Fv2%2Fcomments&post=8581"}],"version-history":[{"count":12,"href":"https:\/\/comotec.com.br\/index.php?rest_route=\/wp\/v2\/pages\/8581\/revisions"}],"predecessor-version":[{"id":9229,"href":"https:\/\/comotec.com.br\/index.php?rest_route=\/wp\/v2\/pages\/8581\/revisions\/9229"}],"wp:attachment":[{"href":"https:\/\/comotec.com.br\/index.php?rest_route=%2Fwp%2Fv2%2Fmedia&parent=8581"}],"curies":[{"name":"wp","href":"https:\/\/api.w.org\/{rel}","templated":true}]}}