{"id":8498,"date":"2022-06-26T17:27:32","date_gmt":"2022-06-26T17:27:32","guid":{"rendered":"http:\/\/localhost\/gazolin\/?page_id=8498"},"modified":"2025-09-22T19:32:33","modified_gmt":"2025-09-22T19:32:33","slug":"certificacoes","status":"publish","type":"page","link":"https:\/\/comotec.com.br\/?page_id=8498","title":{"rendered":"Certifica\u00e7\u00f5es"},"content":{"rendered":"\t\t<div data-elementor-type=\"wp-page\" data-elementor-id=\"8498\" class=\"elementor elementor-8498\" data-elementor-post-type=\"page\">\n\t\t\t\t        <section class=\"elementor-section elementor-top-section elementor-element elementor-element-3aad2a4 elementor-section-boxed elementor-section-height-default elementor-section-height-default ct-header-fixed-none ct-column-none ct-row-scroll-none\" data-id=\"3aad2a4\" data-element_type=\"section\">\n            \n                        <div class=\"elementor-container elementor-column-gap-default \">\n                    <div class=\"elementor-column elementor-col-50 elementor-top-column elementor-element elementor-element-3bb0e63 ct-column-none\" data-id=\"3bb0e63\" data-element_type=\"column\">\n        <div class=\"elementor-widget-wrap elementor-element-populated\">\n                    \n                <section class=\"elementor-section elementor-inner-section elementor-element elementor-element-01648b4 elementor-section-full_width elementor-section-height-min-height elementor-section-height-default ct-header-fixed-none ct-column-none ct-row-scroll-none\" data-id=\"01648b4\" data-element_type=\"section\">\n            \n                        <div class=\"elementor-container elementor-column-gap-default \">\n                    <div class=\"elementor-column elementor-col-100 elementor-inner-column elementor-element elementor-element-58558bf ct-column-none\" data-id=\"58558bf\" data-element_type=\"column\">\n        <div class=\"elementor-widget-wrap elementor-element-populated\">\n                    \n        \t\t<div class=\"elementor-element elementor-element-6c9aabd elementor-widget elementor-widget-ct_heading\" data-id=\"6c9aabd\" data-element_type=\"widget\" data-widget_type=\"ct_heading.default\">\n\t\t\t\t<div class=\"elementor-widget-container\">\n\t\t\t\t\t<div class=\"ct-heading h-align-center item-st-default\">\r\n\t    <h3 class=\"item--title case-animate-time st-default \" data-wow-delay=\"ms\">\r\n        <span class=\"slide-in-container\"><span class=\"d-inline-block wow case-fade-in-up\">Compromisso<\/span><\/span> <span class=\"slide-in-container\"><span class=\"d-inline-block wow case-fade-in-up\">com<\/span><\/span> <span class=\"slide-in-container\"><span class=\"d-inline-block wow case-fade-in-up\">a<\/span><\/span> <span class=\"slide-in-container\"><span class=\"d-inline-block wow case-fade-in-up\">Qualidade<\/span><\/span>    <\/h3>\r\n<\/div>\r\n\r\n\t\t\t\t<\/div>\n\t\t\t\t<\/div>\n\t\t            <\/div>\n        <\/div>\n                    <\/div>\n        <\/section>\n        \t\t<div class=\"elementor-element elementor-element-e555a5e elementor-widget elementor-widget-ct_text_editor\" data-id=\"e555a5e\" data-element_type=\"widget\" data-widget_type=\"ct_text_editor.default\">\n\t\t\t\t<div class=\"elementor-widget-container\">\n\t\t\t\t\t<div id=\"ct_text_editor-e555a5e\" class=\"ct-text-editor \" data-wow-delay=\"ms\">\n\t<div class=\"ct-inline-css\"  data-css=\"\n        \t\t\">\n\n    <\/div>\n\t<div class=\"ct-text-editor elementor-clearfix\">\n\t\t<p>A Comotec possui certifica\u00e7\u00f5es reconhecidas nacional e internacionalmente, como a <strong data-start=\"417\" data-end=\"434\">ISO 9001:2015<\/strong>, que atestam nosso compromisso com a excel\u00eancia, inova\u00e7\u00e3o e melhoria cont\u00ednua em todos os processos.<\/p>\t\t\n\t<\/div>\n<\/div>\t\t\t\t<\/div>\n\t\t\t\t<\/div>\n\t\t            <\/div>\n        <\/div>\n                <div class=\"elementor-column elementor-col-50 elementor-top-column elementor-element elementor-element-39c6fda ct-column-none\" data-id=\"39c6fda\" data-element_type=\"column\">\n        <div class=\"elementor-widget-wrap elementor-element-populated\">\n                    \n        \t\t<div class=\"elementor-element elementor-element-2f08ed6 ct-counter-layout2 elementor-widget elementor-widget-ct_counter\" data-id=\"2f08ed6\" data-element_type=\"widget\" data-widget_type=\"ct_counter.default\">\n\t\t\t\t<div class=\"elementor-widget-container\">\n\t\t\t\t\t<div class=\"ct-counter ct-counter-layout2 \" data-wow-delay=\"ms\">\r\n    <div class=\"ct-image-single\" data-width=\"\" data-height=\"\">\r\n                                <img fetchpriority=\"high\" decoding=\"async\" width=\"700\" height=\"800\" src=\"https:\/\/comotec.com.br\/wp-content\/uploads\/2022\/06\/02_about-us.jpg\" class=\"attachment-full\" alt=\"\" \/>                    \r\n        <div class=\"ct-box\" data-wow-delay=\"ms\">\r\n            <div class=\"item--inner\">\r\n                <div class=\"item--icon\">\r\n                                    <\/div>\r\n                <div class=\"item--meta\">\r\n                    <h4 class=\"item--title\">\r\n                                            <\/h4>\r\n                                    <\/div>\r\n            <\/div>\r\n                    <\/div>\r\n\r\n        <div class=\"ct-counter-inner\">\r\n                            <div class=\"ct-counter-icon\">\r\n                    <i aria-hidden=\"true\" class=\"ar-coder ar-icons-conveyor-3\"><\/i>                <\/div>\r\n                        <div class=\"ct-counter-meta\">\r\n                <div class=\"ct-counter-number\">\r\n                                        <span class=\"ct-counter-number-value\" data-duration=\"2000\" data-to-value=\"888\" data-delimiter=\".\">1<\/span>\r\n                                    <\/div>\r\n                                    <div class=\"ct-counter-title\">Empregados Qualificados Conosco<\/div>\r\n                            <\/div>\r\n        <\/div>\r\n    <\/div>\r\n<\/div>\t\t\t\t<\/div>\n\t\t\t\t<\/div>\n\t\t            <\/div>\n        <\/div>\n                    <\/div>\n        <\/section>\n        <div class=\"elementor-element elementor-element-b1b99c5 e-con-full e-flex e-con e-parent\" data-id=\"b1b99c5\" data-element_type=\"container\">\n\t\t\t\t<div class=\"elementor-element elementor-element-354b6bb elementor-widget elementor-widget-ct_gallery_carousel\" data-id=\"354b6bb\" data-element_type=\"widget\" data-widget_type=\"ct_gallery_carousel.default\">\n\t\t\t\t<div class=\"elementor-widget-container\">\n\t\t\t\t\t    <div class=\"ct-gallery-carousel1 ct-slick-slider\">\r\n        <div class=\"ct-carousel-inner\">\r\n            <div class=\"ct-slick-carousel ct-arrow-middle\" data-arrows=\"true\" data-dots=\"true\" data-pauseOnHover=\"true\" data-autoplay=\"true\" data-autoplaySpeed=\"5000\" data-infinite=\"true\" data-speed=\"500\" data-colxs=\"1\" data-colsm=\"2\" data-colmd=\"3\" data-collg=\"2\" data-colxl=\"2\" data-dir=\"false\" data-slidesToScroll=\"1\">\r\n                                    <div class=\"slick-slide\">\r\n                        <a href=\"https:\/\/comotec.com.br\/wp-content\/uploads\/2025\/07\/cert_10_g-scaled.jpg\">\r\n                            <img decoding=\"async\" width=\"640\" height=\"407\" src=\"https:\/\/comotec.com.br\/wp-content\/uploads\/2025\/07\/cert_10_g-1024x651.jpg\" class=\"attachment-large\" alt=\"\" \/>                        <\/a>\r\n                    <\/div>\r\n                                    <div class=\"slick-slide\">\r\n                        <a href=\"https:\/\/comotec.com.br\/wp-content\/uploads\/2025\/07\/cert_04_g.jpg\">\r\n                            <img decoding=\"async\" width=\"640\" height=\"361\" src=\"https:\/\/comotec.com.br\/wp-content\/uploads\/2025\/07\/cert_04_g.jpg\" class=\"attachment-large\" alt=\"\" \/>                        <\/a>\r\n                    <\/div>\r\n                                    <div class=\"slick-slide\">\r\n                        <a href=\"https:\/\/comotec.com.br\/wp-content\/uploads\/2025\/07\/cert_09.png\">\r\n                            <img loading=\"lazy\" decoding=\"async\" width=\"640\" height=\"328\" src=\"https:\/\/comotec.com.br\/wp-content\/uploads\/2025\/07\/cert_09-1024x524.png\" class=\"attachment-large\" alt=\"\" \/>                        <\/a>\r\n                    <\/div>\r\n                                    <div class=\"slick-slide\">\r\n                        <a href=\"https:\/\/comotec.com.br\/wp-content\/uploads\/2025\/07\/cert_05_g.jpg\">\r\n                            <img loading=\"lazy\" decoding=\"async\" width=\"640\" height=\"942\" src=\"https:\/\/comotec.com.br\/wp-content\/uploads\/2025\/07\/cert_05_g-696x1024.jpg\" class=\"attachment-large\" alt=\"\" \/>                        <\/a>\r\n                    <\/div>\r\n                                    <div class=\"slick-slide\">\r\n                        <a href=\"https:\/\/comotec.com.br\/wp-content\/uploads\/2025\/09\/ISO-9001-portugues-scaled.png\">\r\n                            <img loading=\"lazy\" decoding=\"async\" width=\"640\" height=\"904\" src=\"https:\/\/comotec.com.br\/wp-content\/uploads\/2025\/09\/ISO-9001-portugues-725x1024.png\" class=\"attachment-large\" alt=\"\" \/>                        <\/a>\r\n                    <\/div>\r\n                                    <div class=\"slick-slide\">\r\n                        <a href=\"https:\/\/comotec.com.br\/wp-content\/uploads\/2025\/09\/iso9001-Us-scaled.png\">\r\n                            <img loading=\"lazy\" decoding=\"async\" width=\"640\" height=\"904\" src=\"https:\/\/comotec.com.br\/wp-content\/uploads\/2025\/09\/iso9001-Us-725x1024.png\" class=\"attachment-large\" alt=\"\" \/>                        <\/a>\r\n                    <\/div>\r\n                            <\/div>\r\n        <\/div>\r\n    <\/div>\r\n\t\t\t\t<\/div>\n\t\t\t\t<\/div>\n\t\t\t\t<\/div>\n\t\t\t\t<\/div>\n\t\t","protected":false},"excerpt":{"rendered":"<p>Compromisso com a Qualidade A Comotec possui certifica\u00e7\u00f5es reconhecidas nacional e internacionalmente, como a ISO 9001:2015, que atestam nosso compromisso com a excel\u00eancia, inova\u00e7\u00e3o e melhoria cont\u00ednua em todos os processos. 1 Empregados Qualificados Conosco<\/p>\n","protected":false},"author":1,"featured_media":0,"parent":0,"menu_order":0,"comment_status":"closed","ping_status":"closed","template":"","meta":{"footnotes":""},"class_list":["post-8498","page","type-page","status-publish","hentry"],"_links":{"self":[{"href":"https:\/\/comotec.com.br\/index.php?rest_route=\/wp\/v2\/pages\/8498","targetHints":{"allow":["GET"]}}],"collection":[{"href":"https:\/\/comotec.com.br\/index.php?rest_route=\/wp\/v2\/pages"}],"about":[{"href":"https:\/\/comotec.com.br\/index.php?rest_route=\/wp\/v2\/types\/page"}],"author":[{"embeddable":true,"href":"https:\/\/comotec.com.br\/index.php?rest_route=\/wp\/v2\/users\/1"}],"replies":[{"embeddable":true,"href":"https:\/\/comotec.com.br\/index.php?rest_route=%2Fwp%2Fv2%2Fcomments&post=8498"}],"version-history":[{"count":37,"href":"https:\/\/comotec.com.br\/index.php?rest_route=\/wp\/v2\/pages\/8498\/revisions"}],"predecessor-version":[{"id":9437,"href":"https:\/\/comotec.com.br\/index.php?rest_route=\/wp\/v2\/pages\/8498\/revisions\/9437"}],"wp:attachment":[{"href":"https:\/\/comotec.com.br\/index.php?rest_route=%2Fwp%2Fv2%2Fmedia&parent=8498"}],"curies":[{"name":"wp","href":"https:\/\/api.w.org\/{rel}","templated":true}]}}