{"id":63,"date":"2022-05-03T07:04:04","date_gmt":"2022-05-03T07:04:04","guid":{"rendered":"http:\/\/localhost\/gazolin\/?page_id=63"},"modified":"2025-09-04T13:12:02","modified_gmt":"2025-09-04T13:12:02","slug":"nossos-produtos","status":"publish","type":"page","link":"https:\/\/comotec.com.br\/?page_id=63","title":{"rendered":"Nossos Produtos"},"content":{"rendered":"\t\t<div data-elementor-type=\"wp-page\" data-elementor-id=\"63\" class=\"elementor elementor-63\" data-elementor-post-type=\"page\">\n\t\t\t\t        <section class=\"elementor-section elementor-top-section elementor-element elementor-element-a9194bf elementor-section-boxed elementor-section-height-default elementor-section-height-default ct-header-fixed-none ct-column-none ct-row-scroll-none\" data-id=\"a9194bf\" data-element_type=\"section\">\n            \n                        <div class=\"elementor-container elementor-column-gap-default \">\n                    <div class=\"elementor-column elementor-col-100 elementor-top-column elementor-element elementor-element-6a999ee ct-column-none\" data-id=\"6a999ee\" data-element_type=\"column\">\n        <div class=\"elementor-widget-wrap elementor-element-populated\">\n                    \n                <section class=\"elementor-section elementor-inner-section elementor-element elementor-element-8a85b36 elementor-section-boxed elementor-section-height-default elementor-section-height-default ct-header-fixed-none ct-column-none ct-row-scroll-none\" data-id=\"8a85b36\" data-element_type=\"section\">\n            \n                        <div class=\"elementor-container elementor-column-gap-default \">\n                    <div class=\"elementor-column elementor-col-50 elementor-inner-column elementor-element elementor-element-f7caa45 mr-t0 ct-column-none\" data-id=\"f7caa45\" data-element_type=\"column\">\n        <div class=\"elementor-widget-wrap elementor-element-populated\">\n                    \n        \t\t<div class=\"elementor-element elementor-element-b3251f9 elementor-widget elementor-widget-ct_heading\" data-id=\"b3251f9\" data-element_type=\"widget\" data-widget_type=\"ct_heading.default\">\n\t\t\t\t<div class=\"elementor-widget-container\">\n\t\t\t\t\t<div class=\"ct-heading h-align- item-st-default\">\r\n\t\t\t<div class=\"item--sub-title style-default\">\r\n            <span>\r\n                Excel\u00eancia e Qualidade             <\/span>\r\n        <\/div>\r\n\t    <h3 class=\"item--title case-animate-time st-default \" data-wow-delay=\"ms\">\r\n        <span>Diversidade e Qualidade em Comutadores.<\/span>    <\/h3>\r\n<\/div>\r\n\r\n\t\t\t\t<\/div>\n\t\t\t\t<\/div>\n\t\t\t\t<div class=\"elementor-element elementor-element-dbf4763 elementor-widget elementor-widget-image\" data-id=\"dbf4763\" data-element_type=\"widget\" data-widget_type=\"image.default\">\n\t\t\t\t<div class=\"elementor-widget-container\">\n\t\t\t\t\t\t\t\t\t\t\t\t\t\t\t<img fetchpriority=\"high\" decoding=\"async\" width=\"300\" height=\"200\" src=\"https:\/\/comotec.com.br\/wp-content\/uploads\/2025\/09\/prods_p_03.jpg\" class=\"attachment-large size-large wp-image-9355\" alt=\"\" \/>\t\t\t\t\t\t\t\t\t\t\t\t\t\t\t<\/div>\n\t\t\t\t<\/div>\n\t\t\t\t<div class=\"elementor-element elementor-element-5b7fb2d elementor-widget elementor-widget-image\" data-id=\"5b7fb2d\" data-element_type=\"widget\" data-widget_type=\"image.default\">\n\t\t\t\t<div class=\"elementor-widget-container\">\n\t\t\t\t\t\t\t\t\t\t\t\t\t\t\t<img decoding=\"async\" width=\"300\" height=\"200\" src=\"https:\/\/comotec.com.br\/wp-content\/uploads\/2025\/09\/prods_p_02.jpg\" class=\"attachment-large size-large wp-image-9356\" alt=\"\" \/>\t\t\t\t\t\t\t\t\t\t\t\t\t\t\t<\/div>\n\t\t\t\t<\/div>\n\t\t\t\t<div class=\"elementor-element elementor-element-4661101 elementor-widget elementor-widget-image\" data-id=\"4661101\" data-element_type=\"widget\" data-widget_type=\"image.default\">\n\t\t\t\t<div class=\"elementor-widget-container\">\n\t\t\t\t\t\t\t\t\t\t\t\t\t\t\t<img decoding=\"async\" width=\"300\" height=\"200\" src=\"https:\/\/comotec.com.br\/wp-content\/uploads\/2022\/06\/prods_p_01.jpg\" class=\"attachment-large size-large wp-image-9302\" alt=\"\" \/>\t\t\t\t\t\t\t\t\t\t\t\t\t\t\t<\/div>\n\t\t\t\t<\/div>\n\t\t            <\/div>\n        <\/div>\n                <div class=\"elementor-column elementor-col-50 elementor-inner-column elementor-element elementor-element-cd5cf11 ct-column-none\" data-id=\"cd5cf11\" data-element_type=\"column\">\n        <div class=\"elementor-widget-wrap elementor-element-populated\">\n                    \n        \t\t<div class=\"elementor-element elementor-element-f3ebf11 elementor-widget elementor-widget-ct_text_editor\" data-id=\"f3ebf11\" data-element_type=\"widget\" data-widget_type=\"ct_text_editor.default\">\n\t\t\t\t<div class=\"elementor-widget-container\">\n\t\t\t\t\t<div id=\"ct_text_editor-f3ebf11\" class=\"ct-text-editor \" data-wow-delay=\"ms\">\n\t<div class=\"ct-inline-css\"  data-css=\"\n        \t\t\">\n\n    <\/div>\n\t<div class=\"ct-text-editor elementor-clearfix\">\n\t\t<p>Enquanto nossa vida di\u00e1ria for dependente de v\u00e1rias fontes de energia, a utiliza\u00e7\u00e3o de sistemas de energia el\u00e9trica ter\u00e1 um papel muito importante na sociedade moderna.<\/p><p>Por\u00e9m, essa energia \u00e9 normalmente utilizada ap\u00f3s ser convertida em luz, aquecimento, energia mec\u00e2nica, etc. Dentro da utiliza\u00e7\u00e3o social desses sistemas, o MOTOR EL\u00c9TRICO ocupa um lugar essencial como conversor de energia el\u00e9trica em energia mec\u00e2nica, e as aplica\u00e7\u00f5es desenvolvidas em torno desses motores t\u00eam sido numerosas na maioria dos campos de consumo da sociedade.<\/p><p>Motores el\u00e9tricos, em geral , s\u00e3o classificados em duas categorias: motores AC e motores DC. Nessas categorias, muitos motores de diferentes constru\u00e7\u00f5es e fun\u00e7\u00f5es est\u00e3o se complementando ou competindo em v\u00e1rias \u00e1reas de aplica\u00e7\u00e3o buscando constantes melhorias. Uma vasta gama de motores el\u00e9tricos AC e DC utilizam para seu funcionamento um componente essencial chamado COMUTADOR.<\/p><p>A Comotec possui uma linha de comutadores bastante diversificada, no que diz respeito \u00e0 quantidade de l\u00e2minas, di\u00e2metros e diversas outras caracter\u00edsticas.<\/p><p>Em sua grande maioria, os comutadores da Comotec s\u00e3o produzidos atrav\u00e9s do princ\u00edpio de constru\u00e7\u00e3o normalmente conhecido como \u201cshell\u201d, o que n\u00e3o impede a empresa de dominar tamb\u00e9m a tecnologia de comutadores montados.<\/p><p>Utilizando mat\u00e9rias-primas de fornecedores altamente qualificados e submetendo-as a processos controlados de estamparia, transfer\u00eancia, conforma\u00e7\u00e3o e usinagem, a Comotec se orgulha em oferecer ao mercado produtos de excelente qualidade.<\/p>\t\t\n\t<\/div>\n<\/div>\t\t\t\t<\/div>\n\t\t\t\t<\/div>\n\t\t            <\/div>\n        <\/div>\n                    <\/div>\n        <\/section>\n                    <\/div>\n        <\/div>\n                    <\/div>\n        <\/section>\n        \t\t<\/div>\n\t\t","protected":false},"excerpt":{"rendered":"<p>Excel\u00eancia e Qualidade Diversidade e Qualidade em Comutadores. Enquanto nossa vida di\u00e1ria for dependente de v\u00e1rias fontes de energia, a utiliza\u00e7\u00e3o de sistemas de energia el\u00e9trica ter\u00e1 um papel muito importante na sociedade moderna. Por\u00e9m, essa energia \u00e9 normalmente utilizada ap\u00f3s ser convertida em luz, aquecimento, energia mec\u00e2nica, etc. Dentro da utiliza\u00e7\u00e3o social desses sistemas, [&hellip;]<\/p>\n","protected":false},"author":1,"featured_media":0,"parent":0,"menu_order":0,"comment_status":"closed","ping_status":"closed","template":"","meta":{"footnotes":""},"class_list":["post-63","page","type-page","status-publish","hentry"],"_links":{"self":[{"href":"https:\/\/comotec.com.br\/index.php?rest_route=\/wp\/v2\/pages\/63","targetHints":{"allow":["GET"]}}],"collection":[{"href":"https:\/\/comotec.com.br\/index.php?rest_route=\/wp\/v2\/pages"}],"about":[{"href":"https:\/\/comotec.com.br\/index.php?rest_route=\/wp\/v2\/types\/page"}],"author":[{"embeddable":true,"href":"https:\/\/comotec.com.br\/index.php?rest_route=\/wp\/v2\/users\/1"}],"replies":[{"embeddable":true,"href":"https:\/\/comotec.com.br\/index.php?rest_route=%2Fwp%2Fv2%2Fcomments&post=63"}],"version-history":[{"count":44,"href":"https:\/\/comotec.com.br\/index.php?rest_route=\/wp\/v2\/pages\/63\/revisions"}],"predecessor-version":[{"id":9373,"href":"https:\/\/comotec.com.br\/index.php?rest_route=\/wp\/v2\/pages\/63\/revisions\/9373"}],"wp:attachment":[{"href":"https:\/\/comotec.com.br\/index.php?rest_route=%2Fwp%2Fv2%2Fmedia&parent=63"}],"curies":[{"name":"wp","href":"https:\/\/api.w.org\/{rel}","templated":true}]}}